{"id":675,"date":"2020-07-24T14:17:07","date_gmt":"2020-07-24T14:17:07","guid":{"rendered":"http:\/\/forner-unterschneidheim.de\/?page_id=675"},"modified":"2021-09-07T12:58:53","modified_gmt":"2021-09-07T12:58:53","slug":"felgenkonfigurator","status":"publish","type":"page","link":"https:\/\/forner-unterschneidheim.de\/?page_id=675","title":{"rendered":"Felgenkonfigurator"},"content":{"rendered":"<h1 style=\"text-align: center;\"><span style=\"color: #003366;\"><em><img loading=\"lazy\" decoding=\"async\" class=\"wp-image-250 aligncenter\" src=\"http:\/\/forner-unterschneidheim.de\/wp-content\/uploads\/2020\/02\/slider7-300x119.jpg\" alt=\"\" width=\"439\" height=\"174\" srcset=\"https:\/\/forner-unterschneidheim.de\/wp-content\/uploads\/2020\/02\/slider7-300x119.jpg 300w, https:\/\/forner-unterschneidheim.de\/wp-content\/uploads\/2020\/02\/slider7-1024x405.jpg 1024w, https:\/\/forner-unterschneidheim.de\/wp-content\/uploads\/2020\/02\/slider7-768x304.jpg 768w, https:\/\/forner-unterschneidheim.de\/wp-content\/uploads\/2020\/02\/slider7-1536x608.jpg 1536w, https:\/\/forner-unterschneidheim.de\/wp-content\/uploads\/2020\/02\/slider7.jpg 1600w\" sizes=\"auto, (max-width: 439px) 100vw, 439px\" \/>Sie ben\u00f6tigen noch das perfekte Rad zum Fahrzeug?<\/em><\/span><\/h1>\n<h1 style=\"text-align: center;\"><span style=\"color: #003366;\"><em>Hier sind Sie richtig!<\/em><\/span><\/h1>\n<h1 style=\"text-align: center;\"><span style=\"color: #003366;\"><em>Wir helfen Ihnen gerne bei Ihrer Suche!<\/em><\/span><\/h1>\n<p>In dem von Point S zur Verf\u00fcgung gestellten Felgenkonfigurator k\u00f6nnen Sie sich Ihre Wunschfelge direkt am Fahrzeug anschauen.<img loading=\"lazy\" decoding=\"async\" class=\"wp-image-681 aligncenter\" src=\"http:\/\/forner-unterschneidheim.de\/wp-content\/uploads\/2020\/07\/Unbenannt-1-300x111.jpg\" alt=\"\" width=\"551\" height=\"204\" srcset=\"https:\/\/forner-unterschneidheim.de\/wp-content\/uploads\/2020\/07\/Unbenannt-1-300x111.jpg 300w, https:\/\/forner-unterschneidheim.de\/wp-content\/uploads\/2020\/07\/Unbenannt-1-1024x379.jpg 1024w, https:\/\/forner-unterschneidheim.de\/wp-content\/uploads\/2020\/07\/Unbenannt-1-768x284.jpg 768w, https:\/\/forner-unterschneidheim.de\/wp-content\/uploads\/2020\/07\/Unbenannt-1-1536x568.jpg 1536w, https:\/\/forner-unterschneidheim.de\/wp-content\/uploads\/2020\/07\/Unbenannt-1.jpg 2000w\" sizes=\"auto, (max-width: 551px) 100vw, 551px\" \/><\/p>\n<p>So <em><strong>einfach<\/strong> <\/em>geht\u00b4s:<\/p>\n<ul>\n<li>Fahrzeugmodell oder Schl\u00fcssel-Nr. eingeben und Wunschfelge aussuchen.<\/li>\n<li>\u00dcber den nachfolgenden Link gelangen Sie direkt zu der Website:<\/li>\n<\/ul>\n<h1><a href=\"https:\/\/felgen-b2c.point-s.de\/\">https:\/\/pointsb2c001.mx-live.com\/default.asp<\/a><\/h1>\n<ul>\n<li>Sobald Sie Ihre Favoriten gefunden haben, k\u00f6nnen Sie mit Ihren W\u00fcnschen auf uns zukommen, egal ob pers\u00f6nlich vor Ort oder per Mail.<\/li>\n<li>Wir erstellen mit Ihnen zusammen ein Komplett-Angebot mit den passenden Reifen.<\/li>\n<\/ul>\n<p>Wir freuen uns Ihre W\u00fcnsche in die Tat umsetzen zu k\u00f6nnen.<\/p>\n","protected":false},"excerpt":{"rendered":"<p>Sie ben\u00f6tigen noch das perfekte Rad zum Fahrzeug? Hier sind Sie richtig! Wir helfen Ihnen gerne bei Ihrer Suche! In dem von Point S zur Verf\u00fcgung gestellten Felgenkonfigurator k\u00f6nnen Sie sich Ihre Wunschfelge direkt am Fahrzeug anschauen. So einfach geht\u00b4s: Fahrzeugmodell oder Schl\u00fcssel-Nr. eingeben und Wunschfelge aussuchen. \u00dcber den nachfolgenden Link gelangen Sie direkt zu &hellip; <\/p>\n<p class=\"link-more\"><a href=\"https:\/\/forner-unterschneidheim.de\/?page_id=675\" class=\"more-link\">Continue reading<span class=\"screen-reader-text\"> &#8222;Felgenkonfigurator&#8220;<\/span><\/a><\/p>\n","protected":false},"author":1,"featured_media":250,"parent":0,"menu_order":0,"comment_status":"closed","ping_status":"closed","template":"","meta":{"footnotes":""},"class_list":["post-675","page","type-page","status-publish","has-post-thumbnail","hentry"],"_links":{"self":[{"href":"https:\/\/forner-unterschneidheim.de\/index.php?rest_route=\/wp\/v2\/pages\/675","targetHints":{"allow":["GET"]}}],"collection":[{"href":"https:\/\/forner-unterschneidheim.de\/index.php?rest_route=\/wp\/v2\/pages"}],"about":[{"href":"https:\/\/forner-unterschneidheim.de\/index.php?rest_route=\/wp\/v2\/types\/page"}],"author":[{"embeddable":true,"href":"https:\/\/forner-unterschneidheim.de\/index.php?rest_route=\/wp\/v2\/users\/1"}],"replies":[{"embeddable":true,"href":"https:\/\/forner-unterschneidheim.de\/index.php?rest_route=%2Fwp%2Fv2%2Fcomments&post=675"}],"version-history":[{"count":7,"href":"https:\/\/forner-unterschneidheim.de\/index.php?rest_route=\/wp\/v2\/pages\/675\/revisions"}],"predecessor-version":[{"id":695,"href":"https:\/\/forner-unterschneidheim.de\/index.php?rest_route=\/wp\/v2\/pages\/675\/revisions\/695"}],"wp:featuredmedia":[{"embeddable":true,"href":"https:\/\/forner-unterschneidheim.de\/index.php?rest_route=\/wp\/v2\/media\/250"}],"wp:attachment":[{"href":"https:\/\/forner-unterschneidheim.de\/index.php?rest_route=%2Fwp%2Fv2%2Fmedia&parent=675"}],"curies":[{"name":"wp","href":"https:\/\/api.w.org\/{rel}","templated":true}]}}