{"id":420,"date":"2020-02-22T10:51:29","date_gmt":"2020-02-22T10:51:29","guid":{"rendered":"http:\/\/forner-unterschneidheim.de\/?page_id=420"},"modified":"2020-02-22T10:54:34","modified_gmt":"2020-02-22T10:54:34","slug":"abschleppdienst","status":"publish","type":"page","link":"https:\/\/forner-unterschneidheim.de\/?page_id=420","title":{"rendered":"Abschleppdienst"},"content":{"rendered":"<div class=\"row \">\n<div class=\"col-md-12 \">\n<div class=\"page-header\">\n<h1>Unfallhilfe, Notdienst und Abschleppdienst<br \/>\n<small>24 Stunden \u2212 7 Tage die Woche \u2212 365 Tage<\/small><\/h1>\n<\/div>\n<\/div>\n<div class=\"col-md-8 \">\n<div>\n<p>Wir sind zu jeder Tages- und Nachtzeit, bei jedem Wetter, werktags und an Sonn- und Feiertagen im Falle einer Panne zur Stelle.<\/p>\n<p>Ein Anruf gen\u00fcgt und wir eilen Ihnen zur Hilfe. Falls Ihr Auto nicht vor Ort zu reparieren ist, schleppen wir es in unsere Werkstatt.<\/p>\n<h2><strong>NOTRUFNUMMER<br \/>\nTel. 0171\/6453364<\/strong><\/h2>\n<\/div>\n<\/div>\n<\/div>\n<div class=\"row \">\n<div class=\"col-md-12 \">\n<div>\n<hr \/>\n<\/div>\n<h2>Rettungskarte f\u00fcr Ihr Fahrzeug<\/h2>\n<\/div>\n<div class=\"col-md-8 \">\n<div>\n<p>Moderne Technik bietet mehr Sicherheit, erschwert aber teilweise die rasche Befreiung der Insassen. Wo an der Karosserie Spreizer und Schere anzusetzen sind, welche Vorsichtsma\u00dfnahmen n\u00f6tig sind, um Airbags nicht nachtr\u00e4glich auszul\u00f6sen, ist den Einsatzkr\u00e4ften nicht immer bekannt. F\u00fcr schnellere Rettung sorgt nun die vom ADAC eingef\u00fchrte und als Standard geforderte Rettungskarte.<br \/>\nDie Rettungskarte f\u00fcr Ihr Automodell und weitere Informationen, finden Sie unten im Link.<\/p>\n<p><a href=\"https:\/\/www.adac.de\/rund-ums-fahrzeug\/unfall-schaden-panne\/rettungskarte\/\">https:\/\/www.adac.de\/rund-ums-fahrzeug\/unfall-schaden-panne\/rettungskarte\/<\/a><\/p>\n<\/div>\n<\/div>\n<\/div>\n","protected":false},"excerpt":{"rendered":"<p>Unfallhilfe, Notdienst und Abschleppdienst 24 Stunden \u2212 7 Tage die Woche \u2212 365 Tage Wir sind zu jeder Tages- und Nachtzeit, bei jedem Wetter, werktags und an Sonn- und Feiertagen im Falle einer Panne zur Stelle. Ein Anruf gen\u00fcgt und wir eilen Ihnen zur Hilfe. Falls Ihr Auto nicht vor Ort zu reparieren ist, schleppen &hellip; <\/p>\n<p class=\"link-more\"><a href=\"https:\/\/forner-unterschneidheim.de\/?page_id=420\" class=\"more-link\">Continue reading<span class=\"screen-reader-text\"> &#8222;Abschleppdienst&#8220;<\/span><\/a><\/p>\n","protected":false},"author":1,"featured_media":0,"parent":0,"menu_order":0,"comment_status":"closed","ping_status":"closed","template":"","meta":{"footnotes":""},"class_list":["post-420","page","type-page","status-publish","hentry"],"_links":{"self":[{"href":"https:\/\/forner-unterschneidheim.de\/index.php?rest_route=\/wp\/v2\/pages\/420","targetHints":{"allow":["GET"]}}],"collection":[{"href":"https:\/\/forner-unterschneidheim.de\/index.php?rest_route=\/wp\/v2\/pages"}],"about":[{"href":"https:\/\/forner-unterschneidheim.de\/index.php?rest_route=\/wp\/v2\/types\/page"}],"author":[{"embeddable":true,"href":"https:\/\/forner-unterschneidheim.de\/index.php?rest_route=\/wp\/v2\/users\/1"}],"replies":[{"embeddable":true,"href":"https:\/\/forner-unterschneidheim.de\/index.php?rest_route=%2Fwp%2Fv2%2Fcomments&post=420"}],"version-history":[{"count":3,"href":"https:\/\/forner-unterschneidheim.de\/index.php?rest_route=\/wp\/v2\/pages\/420\/revisions"}],"predecessor-version":[{"id":441,"href":"https:\/\/forner-unterschneidheim.de\/index.php?rest_route=\/wp\/v2\/pages\/420\/revisions\/441"}],"wp:attachment":[{"href":"https:\/\/forner-unterschneidheim.de\/index.php?rest_route=%2Fwp%2Fv2%2Fmedia&parent=420"}],"curies":[{"name":"wp","href":"https:\/\/api.w.org\/{rel}","templated":true}]}}