{"id":296,"date":"2020-02-11T15:13:54","date_gmt":"2020-02-11T15:13:54","guid":{"rendered":"http:\/\/forner-unterschneidheim.de\/?page_id=296"},"modified":"2020-02-11T15:13:54","modified_gmt":"2020-02-11T15:13:54","slug":"impressum","status":"publish","type":"page","link":"https:\/\/forner-unterschneidheim.de\/?page_id=296","title":{"rendered":"Impressum"},"content":{"rendered":"<p>Alle hier verwendeten Namen, Begriffe, Zeichen und Grafiken k\u00f6nnen Marken- oder Warenzeichen im Besitze ihrer rechtlichen Eigent\u00fcmer sein. Die Rechte aller erw\u00e4hnten und benutzten Marken- und Warenzeichen liegen ausschlie\u00dflich bei deren Besitzern.<\/p>\n<p><strong>Firmeninformationen:\u00a0<\/strong>Auto Forner<br \/>\n<strong>Anschrift:\u00a0<\/strong>Weidenfeldle 45,\u00a073485 Unterschneidheim<br \/>\n<strong>Telefon:\u00a0<\/strong>07966-1468<br \/>\n<strong>Fax: <\/strong>07966-802279<br \/>\n<strong>Website:\u00a0<\/strong><a href=\"https:\/\/www.auto-forner.de\" target=\"_blank\" rel=\"noopener noreferrer\">www.auto-forner.de<\/a><br \/>\n<strong>E-Mail:\u00a0<\/strong><a href=\"mailto:info@auto-forner.de\">info@auto-forner.de<\/a><\/p>\n<p><strong>Gesch\u00e4ftsf\u00fchrer:\u00a0<\/strong>Alfred Forner<\/p>\n<p>Ust.-ID: DE144691354<\/p>\n<p><strong>Haftung f\u00fcr Links:<\/strong><br \/>\nUnser Angebot enth\u00e4lt Links zu externen Webseiten Dritter, auf deren Inhalte wir keinen Einfluss haben. Deshalb k\u00f6nnen wir f\u00fcr diese fremden Inhalte auch keine Gew\u00e4hr \u00fcbernehmen.<\/p>\n<p>F\u00fcr die Inhalte der verlinkten Seiten ist stets der jeweilige Anbieter oder Betreiber der Seiten verantwortlich. Die verlinkten Seiten wurden zum Zeitpunkt der Verlinkung auf m\u00f6gliche Rechtsverst\u00f6\u00dfe \u00fcberpr\u00fcft. Rechtswidrige Inhalte waren zum Zeitpunkt der Verlinkung nicht erkennbar. Eine permanente inhaltliche Kontrolle der verlinkten Seiten ist jedoch ohne konkrete Anhaltspunkte einer Rechtsverletzung nicht zumutbar. Bei bekannt werden von Rechtsverletzungen werden wir derartige Links umgehend entfernen.<\/p>\n<p><strong>Urheberrecht:<\/strong><br \/>\nAls Betreiber unserer Seiten sind wir bem\u00fcht, stets die Urheberrechte anderer zu beachten bzw. auf selbst erstellte sowie lizenzfreie Werke zur\u00fcckzugreifen.<\/p>\n<p>Die durch uns erstellten Inhalte und Werke auf diesen Seiten unterliegen dem deutschen Urheberrecht. Beitr\u00e4ge Dritter sind als solche gekennzeichnet. Die Vervielf\u00e4ltigung, Bearbeitung, Verbreitung und jede Art der Verwertung au\u00dferhalb der Grenzen des Urheberrechtes bed\u00fcrfen der schriftlichen Zustimmung von Auto Forner. Downloads und Kopien dieser Seite sind weder f\u00fcr den privaten noch f\u00fcr den kommerziellen Gebrauch gestattet.<br \/>\nDie verwendeten Markennamen und -logos sind Eigentum der Hersteller.<\/p>\n<p>&nbsp;<\/p>\n<p><strong>Verbraucherinformation gem\u00e4\u00df Verordnung (EU) Nr. 524\/2013:<\/strong><br \/>\nDie Plattform finden Sie hier der Link zur OS-Plattform der EU-Kommission:\u00a0<a href=\"http:\/\/ec.europa.eu\/consumers\/odr\/\" target=\"_blank\" rel=\"noopener noreferrer\">http:\/\/ec.europa.eu\/consumers\/odr\/<\/a><br \/>\nUnsere E-Mailadresse lautet: info@auto-forner.de<\/p>\n<p>Die Firma Auto Forner\u00a0sind\u00a0weder bereit noch verpflichtet, an Streitbeilegungsverfahren vor einer Verbraucherschlichtungsstelle teilzunehmen.<\/p>\n","protected":false},"excerpt":{"rendered":"<p>Alle hier verwendeten Namen, Begriffe, Zeichen und Grafiken k\u00f6nnen Marken- oder Warenzeichen im Besitze ihrer rechtlichen Eigent\u00fcmer sein. Die Rechte aller erw\u00e4hnten und benutzten Marken- und Warenzeichen liegen ausschlie\u00dflich bei deren Besitzern. Firmeninformationen:\u00a0Auto Forner Anschrift:\u00a0Weidenfeldle 45,\u00a073485 Unterschneidheim Telefon:\u00a007966-1468 Fax: 07966-802279 Website:\u00a0www.auto-forner.de E-Mail:\u00a0info@auto-forner.de Gesch\u00e4ftsf\u00fchrer:\u00a0Alfred Forner Ust.-ID: DE144691354 Haftung f\u00fcr Links: Unser Angebot enth\u00e4lt Links zu externen &hellip; <\/p>\n<p class=\"link-more\"><a href=\"https:\/\/forner-unterschneidheim.de\/?page_id=296\" class=\"more-link\">Continue reading<span class=\"screen-reader-text\"> &#8222;Impressum&#8220;<\/span><\/a><\/p>\n","protected":false},"author":1,"featured_media":0,"parent":0,"menu_order":0,"comment_status":"closed","ping_status":"closed","template":"","meta":{"footnotes":""},"class_list":["post-296","page","type-page","status-publish","hentry"],"_links":{"self":[{"href":"https:\/\/forner-unterschneidheim.de\/index.php?rest_route=\/wp\/v2\/pages\/296","targetHints":{"allow":["GET"]}}],"collection":[{"href":"https:\/\/forner-unterschneidheim.de\/index.php?rest_route=\/wp\/v2\/pages"}],"about":[{"href":"https:\/\/forner-unterschneidheim.de\/index.php?rest_route=\/wp\/v2\/types\/page"}],"author":[{"embeddable":true,"href":"https:\/\/forner-unterschneidheim.de\/index.php?rest_route=\/wp\/v2\/users\/1"}],"replies":[{"embeddable":true,"href":"https:\/\/forner-unterschneidheim.de\/index.php?rest_route=%2Fwp%2Fv2%2Fcomments&post=296"}],"version-history":[{"count":1,"href":"https:\/\/forner-unterschneidheim.de\/index.php?rest_route=\/wp\/v2\/pages\/296\/revisions"}],"predecessor-version":[{"id":297,"href":"https:\/\/forner-unterschneidheim.de\/index.php?rest_route=\/wp\/v2\/pages\/296\/revisions\/297"}],"wp:attachment":[{"href":"https:\/\/forner-unterschneidheim.de\/index.php?rest_route=%2Fwp%2Fv2%2Fmedia&parent=296"}],"curies":[{"name":"wp","href":"https:\/\/api.w.org\/{rel}","templated":true}]}}