{"id":261,"date":"2020-02-11T14:00:10","date_gmt":"2020-02-11T14:00:10","guid":{"rendered":"http:\/\/forner-unterschneidheim.de\/?page_id=261"},"modified":"2020-02-11T14:40:39","modified_gmt":"2020-02-11T14:40:39","slug":"unser-rundumservice-fuer-sie","status":"publish","type":"page","link":"https:\/\/forner-unterschneidheim.de\/?page_id=261","title":{"rendered":"Unser Rundumservice f\u00fcr Sie"},"content":{"rendered":"\n<table id=\"tablepress-1\" class=\"tablepress tablepress-id-1\">\n<tbody>\n<tr class=\"row-1\">\n\t<td class=\"column-1\"><img loading=\"lazy\" decoding=\"async\" src=\"http:\/\/forner-unterschneidheim.de\/wp-content\/uploads\/2020\/02\/motorservice.png\" alt=\"\" width=\"111\" height=\"94\" class=\"alignnone size-full wp-image-279\" \/><\/td><td class=\"column-2\">Gef\u00fchrte Fehlersuche<\/td><td class=\"column-3\">Wenn Ihr Kombiinstrument wie ein Weihnachtsbaum leuchtet - wir finden den Fehler<\/td>\n<\/tr>\n<tr class=\"row-2\">\n\t<td class=\"column-1\"><img loading=\"lazy\" decoding=\"async\" src=\"http:\/\/forner-unterschneidheim.de\/wp-content\/uploads\/2020\/02\/inspektion.png\" alt=\"\" width=\"125\" height=\"113\" class=\"alignnone size-full wp-image-275\" \/><\/td><td class=\"column-2\">Service\/Inspektion<\/td><td class=\"column-3\">Wir f\u00fchren den Service wartungsplanm\u00e4\u00dfig nach den Vorgaben des Herstellers durch<\/td>\n<\/tr>\n<tr class=\"row-3\">\n\t<td class=\"column-1\"><img loading=\"lazy\" decoding=\"async\" src=\"http:\/\/forner-unterschneidheim.de\/wp-content\/uploads\/2020\/02\/instandsetzung.png\" alt=\"\" width=\"114\" height=\"101\" class=\"alignnone size-full wp-image-273\" \/><\/td><td class=\"column-2\">Reparaturen<\/td><td class=\"column-3\">Genaue Begutachtung+faire Beratung+fachgerechte Reparatur = zufriedener Kunde<\/td>\n<\/tr>\n<tr class=\"row-4\">\n\t<td class=\"column-1\"><img loading=\"lazy\" decoding=\"async\" src=\"http:\/\/forner-unterschneidheim.de\/wp-content\/uploads\/2020\/02\/raeder.png\" alt=\"\" width=\"101\" height=\"95\" class=\"alignnone size-full wp-image-286\" \/><\/td><td class=\"column-2\">Reifenservice<\/td><td class=\"column-3\">Wunsch-Bestellung-Montage-Einlagerung<br \/>\nEinfacher geht es nicht!<\/td>\n<\/tr>\n<tr class=\"row-5\">\n\t<td class=\"column-1\"><img loading=\"lazy\" decoding=\"async\" src=\"http:\/\/forner-unterschneidheim.de\/wp-content\/uploads\/2020\/02\/Raederservice.png\" alt=\"\" width=\"107\" height=\"110\" class=\"alignnone size-full wp-image-280\" \/><\/td><td class=\"column-2\">Radeinstellungen<\/td><td class=\"column-3\">Ob nach Unfall, Bordsteinschaden oder Frontscheibenwechsel vermessen wir die Achsen und kalibrieren die Assistenzsysteme<\/td>\n<\/tr>\n<tr class=\"row-6\">\n\t<td class=\"column-1\"><img loading=\"lazy\" decoding=\"async\" src=\"http:\/\/forner-unterschneidheim.de\/wp-content\/uploads\/2020\/02\/karosserieservice.png\" alt=\"\" width=\"122\" height=\"108\" class=\"alignnone size-full wp-image-276\" \/><\/td><td class=\"column-2\">Unfallinstandsetzung<\/td><td class=\"column-3\">Was auch passiert wir b\u00fcgelns aus! Fachm\u00e4nnische Instandsetzung der Karosserie und Anbauteilen<\/td>\n<\/tr>\n<tr class=\"row-7\">\n\t<td class=\"column-1\"><img loading=\"lazy\" decoding=\"async\" src=\"http:\/\/forner-unterschneidheim.de\/wp-content\/uploads\/2020\/02\/bremsenservice.png\" alt=\"\" width=\"104\" height=\"106\" class=\"alignnone size-full wp-image-274\" \/><\/td><td class=\"column-2\">Bremsenservice<\/td><td class=\"column-3\">Damit Sie wieder sicher Bremsen, verbauen wir ausschlie\u00dflich Ersatzteile namhafter Hersteller<\/td>\n<\/tr>\n<tr class=\"row-8\">\n\t<td class=\"column-1\"><img loading=\"lazy\" decoding=\"async\" src=\"http:\/\/forner-unterschneidheim.de\/wp-content\/uploads\/2020\/02\/smartrepair.png\" alt=\"\" width=\"106\" height=\"104\" class=\"alignnone size-full wp-image-282\" \/><\/td><td class=\"column-2\">Smartrepair<\/td><td class=\"column-3\">Delle-Kratzer-Beule<br \/>\nKleine Sorge und Schnelle L\u00f6sung: Spot- bzw. Smart-Repair direkt in unserem Hause<\/td>\n<\/tr>\n<tr class=\"row-9\">\n\t<td class=\"column-1\"><img loading=\"lazy\" decoding=\"async\" src=\"http:\/\/forner-unterschneidheim.de\/wp-content\/uploads\/2020\/02\/schleppen.png\" alt=\"\" width=\"116\" height=\"106\" class=\"alignnone size-full wp-image-281\" \/><\/td><td class=\"column-2\">Abschleppservice<\/td><td class=\"column-3\">Rund um die Uhr f\u00fcr Sie im Einsatz<\/td>\n<\/tr>\n<tr class=\"row-10\">\n\t<td class=\"column-1\"><img loading=\"lazy\" decoding=\"async\" src=\"http:\/\/forner-unterschneidheim.de\/wp-content\/uploads\/2020\/02\/mietfahrzeug.png\" alt=\"\" width=\"114\" height=\"102\" class=\"alignnone size-full wp-image-287\" \/><\/td><td class=\"column-2\">Miet-\/Leihfahrzeug<\/td><td class=\"column-3\">Auch w\u00e4hrend der Reparatur immer mobil bleiben und noch dazu die ganze Famile mitnehmen<\/td>\n<\/tr>\n<tr class=\"row-11\">\n\t<td class=\"column-1\"><img loading=\"lazy\" decoding=\"async\" src=\"http:\/\/forner-unterschneidheim.de\/wp-content\/uploads\/2020\/02\/federbein.png\" alt=\"\" width=\"104\" height=\"96\" class=\"alignnone size-full wp-image-334\" \/><\/td><td class=\"column-2\">Fahrzeugtuning<\/td><td class=\"column-3\">Unter dem Motto \"tiefer-breiter-schneller\" tunen wir Fahrzeuge selbstverst\u00e4ndlich alles legal, mit T\u00dcV-Eintragung oder ABE<\/td>\n<\/tr>\n<tr class=\"row-12\">\n\t<td class=\"column-1\"><img loading=\"lazy\" decoding=\"async\" src=\"http:\/\/forner-unterschneidheim.de\/wp-content\/uploads\/2020\/02\/lampe.png\" alt=\"\" width=\"100\" height=\"104\" class=\"alignnone size-full wp-image-292\" \/><\/td><td class=\"column-2\">Finanzierungsservice<\/td><td class=\"column-3\">Individuell und Flexibel anpassbar- Sprechen Sie uns an<\/td>\n<\/tr>\n<\/tbody>\n<\/table>\n<!-- #tablepress-1 from cache -->\n","protected":false},"excerpt":{"rendered":"","protected":false},"author":1,"featured_media":0,"parent":0,"menu_order":0,"comment_status":"closed","ping_status":"closed","template":"","meta":{"footnotes":""},"class_list":["post-261","page","type-page","status-publish","hentry"],"_links":{"self":[{"href":"https:\/\/forner-unterschneidheim.de\/index.php?rest_route=\/wp\/v2\/pages\/261","targetHints":{"allow":["GET"]}}],"collection":[{"href":"https:\/\/forner-unterschneidheim.de\/index.php?rest_route=\/wp\/v2\/pages"}],"about":[{"href":"https:\/\/forner-unterschneidheim.de\/index.php?rest_route=\/wp\/v2\/types\/page"}],"author":[{"embeddable":true,"href":"https:\/\/forner-unterschneidheim.de\/index.php?rest_route=\/wp\/v2\/users\/1"}],"replies":[{"embeddable":true,"href":"https:\/\/forner-unterschneidheim.de\/index.php?rest_route=%2Fwp%2Fv2%2Fcomments&post=261"}],"version-history":[{"count":3,"href":"https:\/\/forner-unterschneidheim.de\/index.php?rest_route=\/wp\/v2\/pages\/261\/revisions"}],"predecessor-version":[{"id":285,"href":"https:\/\/forner-unterschneidheim.de\/index.php?rest_route=\/wp\/v2\/pages\/261\/revisions\/285"}],"wp:attachment":[{"href":"https:\/\/forner-unterschneidheim.de\/index.php?rest_route=%2Fwp%2Fv2%2Fmedia&parent=261"}],"curies":[{"name":"wp","href":"https:\/\/api.w.org\/{rel}","templated":true}]}}