{"id":256,"date":"2020-02-11T13:52:18","date_gmt":"2020-02-11T13:52:18","guid":{"rendered":"http:\/\/forner-unterschneidheim.de\/?page_id=256"},"modified":"2020-02-11T13:59:45","modified_gmt":"2020-02-11T13:59:45","slug":"terminanfrage","status":"publish","type":"page","link":"https:\/\/forner-unterschneidheim.de\/?page_id=256","title":{"rendered":"Terminanfrage"},"content":{"rendered":"<p>Wollen Sie einen Termin f\u00fcr einen Service oder eine Reparatur vereinbaren?<\/p>\n<p>Schreiben Sie uns ganz bequem um einen Termin mit uns abzustimmen.<\/p>\n<div style=\"display:none\" class=\"fm-form-container fm-theme1\"><div id=\"fm-pages7\" class=\"fm-pages wdform_page_navigation \" show_title=\"\" show_numbers=\"1\" type=\"none\"><\/div><form name=\"form7\" action=\"\/index.php?rest_route=%2Fwp%2Fv2%2Fpages%2F256\" method=\"post\" id=\"form7\" class=\"fm-form form7  \" enctype=\"multipart\/form-data\"><input type=\"hidden\" id=\"fm_page_id7\" value=\"256\" name=\"fm_page_id7\" \/><input type=\"hidden\" id=\"fm_current_post_type7\" value=\"page\" name=\"fm_current_post_type7\" \/><input type=\"hidden\" id=\"counter7\" value=\"12\" name=\"counter7\" \/><input type=\"hidden\" id=\"Itemid7\" value=\"\" name=\"Itemid7\" \/><input type=\"hidden\" id=\"fm_shake7\" value=\"1\" name=\"fm_shake7\" \/><input type=\"text\" class=\"fm-hide\" id=\"fm_empty_field_validation7\" value=\"\" name=\"fm_empty_field_validation7\" data-value=\"bd736efb144d599cf463541431fbf5c4\" \/><div class=\"wdform-page-and-images fm-form-builder\"><div id=\"7form_view1\" class=\"wdform_page\" page_title=\"Untitled page\" next_title=\"Next\" next_type=\"text\" next_class=\"wdform-page-button\" next_checkable=\"true\" previous_title=\"Previous\" previous_type=\"text\" previous_class=\"wdform-page-button\" previous_checkable=\"false\"><div class=\"wdform_section\"><div class=\"wdform_column\"><div wdid=\"2\" class=\"wdform_row\"><div type=\"type_name\" class=\"wdform-field wd-width-100 wd-flex wd-flex-column fm-type_name\" ><div class=\"wdform-label-section wd-width-100  wd-flex-row\">    <label  for=\"wdform_2_element_first7\" class=\"wdform-label\">Name<\/label><span class=\"wdform-required\">*<\/span><\/div><div class=\"wdform-element-section wd-flex  wd-flex-row wd-width-100\" ><div class=\"wd-flex wd-flex-column wd-width-50\"><input type=\"text\" class=\"wd-width-100\" id=\"wdform_2_element_first7\" name=\"wdform_2_element_first7\" data-value=\"\" value=\"\" title=\"\" placeholder=\"\"  \/><label class=\"mini_label\" for=\"wdform_2_element_first7\">Vorname<\/label><\/div><div class=\"wd-flex wd-flex-column wd-name-separator\"><\/div><div class=\"wd-flex wd-flex-column wd-width-50\"><input type=\"text\" class=\"wd-width-100\" id=\"wdform_2_element_last7\" name=\"wdform_2_element_last7\" data-value=\"\" value=\"\" title=\"\" placeholder=\"\"  \/><label class=\"mini_label\" for=\"wdform_2_element_last7\">Name<\/label><\/div><\/div><\/div><\/div><\/div><div class=\"wdform_column\"><div wdid=\"4\" class=\"wdform_row\"><div type=\"type_submitter_mail\" class=\"wdform-field wd-width-100 wd-flex wd-flex-column fm-type_submitter_mail\" ><div class=\"wdform-label-section wd-width-100  wd-flex-row\">    <label  for=\"wdform_4_element7\" class=\"wdform-label\">E-Mail<\/label><span class=\"wdform-required\">*<\/span><\/div><div class=\"wdform-element-section wd-flex  wd-flex-row wd-width-100\" ><input type=\"text\" class=\"wd-width-100\" id=\"wdform_4_element7\" name=\"wdform_4_element7\" data-value=\"\" value=\"\" title=\"\" placeholder=\"\"   onchange=\"wd_check_email('4', '7', 'Dies ist keine g\u00fcltige E-Mail-Adresse.')\" \/><\/div><\/div><\/div><div wdid=\"3\" class=\"wdform_row\"><div type=\"type_phone_new\" class=\"wdform-field wd-width-100 wd-flex wd-flex-column fm-type_phone_new\" ><div class=\"wdform-label-section wd-width-100 \">    <label  for=\"wdform_3_element7\" class=\"wdform-label\">R\u00fcckrufnummer<\/label><span class=\"wdform-required\">*<\/span><\/div><div class=\"wdform-element-section wd-flex  wd-width-100\" ><input type=\"text\"                       class=\"wd-width-100\"                       id=\"wdform_3_element7\"                       name=\"wdform_3_element7\"                       value=\"\"                       data-value=\"\"                       placeholder=\"\"  \/><\/div><\/div><\/div><\/div><div class=\"wdform_column\"><div wdid=\"5\" class=\"wdform_row\"><div type=\"type_date_new\" class=\"wdform-field wd-width-100 wd-flex wd-flex-column fm-type_date_new\" ><div class=\"wdform-label-section wd-width-100  wd-flex-row\">    <label  for=\"wdform_5_element7\" class=\"wdform-label\">Wunschtermin<\/label><span class=\"wdform-required\">*<\/span><\/div><div class=\"wdform-element-section wd-flex  wd-flex-row wd-width-100\" ><input class=\"wd-width-100\" autocomplete=\"off\" onchange=\"wd_validate(this)\" data-form-id=\"7\" data-wdid=\"5\" data-valid-type=\"date\" type=\"text\" id=\"wdform_5_element7\" data-value=\"\" value=\"\" name=\"wdform_5_element7\"   \/><span id=\"fm-calendar-5\" class=\"dashicons dashicons-calendar-alt wd-calendar-button wd-hidden\"><\/span><input type=\"hidden\" class=\"hidden_date\" data-format=\"mm\/dd\/yy\" data-min=\"\" data-max=\"\" id=\"wdform_5_button7\" value=\"\" \/><\/div><\/div><\/div><\/div><div class=\"wdform_column\"><div wdid=\"6\" class=\"wdform_row\" style=\"position: relative; left: 0px; top: 0px;\"><div type=\"type_text\" class=\"wdform-field wd-width-100 wd-flex wd-flex-column fm-type_text\" ><div class=\"wdform-label-section wd-width-100  wd-flex-row wd-align-items-center\">    <label  for=\"wdform_6_element7\" class=\"wdform-label\">Anliegen<\/label><span class=\"wdform-required\">*<\/span><\/div><div class=\"wdform-element-section wd-flex  wd-flex-row wd-align-items-center wd-width-100\" ><input type=\"text\"                           class=\"wd-width-100\"                           id=\"wdform_6_element7\"                           name=\"wdform_6_element7\"                           value=\"\"                           data-value=\"\"                           title=\"\"                           placeholder=\"\"                                                       \/><\/div><\/div><\/div><\/div><div class=\"wdform_column\"><div wdid=\"9\" class=\"wdform_row\"><div type=\"type_radio\" class=\"wdform-field wd-width-100 wd-flex wd-flex-column fm-type_radio\" ><div class=\"wdform-label-section wd-width-100  wd-flex-wrap wd-flex-column\">    <label  class=\"wdform-label\">Datenschutz<\/label><span class=\"wdform-required\">*<\/span><\/div><div class=\"wdform-element-section wd-flex  wd-flex-wrap wd-flex-column wd-width-100\" ><div class=\"wd-flex wd-flex-column\"><input type=\"hidden\" name=\"wdform_9_element7\" value=\"\" \/><div class=\"radio-div wd-choice wd-flex wd-flex-row\"><input type=\"radio\"  id=\"wdform_9_element70\" name=\"wdform_9_element7\" value=\"Ich habe den oben genannten Hinweis und die Datenschutzerkl\u00e4rung zur Kenntnis genommen und bin mit Ihrer Geltung einverstanden.  Sie k\u00f6nnen Ihre Einwilligung jederzeit mit Wirkung f\u00fcr die Zukunft widerrufen.\" onclick=\"set_default(&quot;wdform_9&quot;,&quot;0&quot;,&quot;7&quot;); \"   \/><label class=\"wd-align-items-center wd-flex wd-flex-row\" for=\"wdform_9_element70\"><span><\/span>Ich habe den oben genannten Hinweis und die Datenschutzerkl\u00e4rung zur Kenntnis genommen und bin mit Ihrer Geltung einverstanden.  Sie k\u00f6nnen Ihre Einwilligung jederzeit mit Wirkung f\u00fcr die Zukunft widerrufen.<\/label><\/div><\/div><\/div><\/div><\/div><\/div><div class=\"wdform_column\"><div wdid=\"11\" class=\"wdform_row\"><div type=\"type_captcha\" class=\"wdform-field wd-width-100 wd-flex wd-flex-row fm-type_captcha\" ><div class=\"wdform-label-section wd-width-30 wd-hidden  wd-flex-row wd-align-items-center\">    <label  for=\"wd_captcha_input7\" class=\"wdform-label\">Word Verification<\/label><\/div><div class=\"wdform-element-section wd-flex  wd-flex-row wd-align-items-center wd-width-100\" ><img decoding=\"async\" type=\"captcha\"                           digit=\"6\"                           src=\" https:\/\/forner-unterschneidheim.de\/wp-admin\/admin-ajax.php?action=formmakerwdcaptcha&digit=6&i=7\"                           id=\"wd_captcha7\"                           class=\"captcha_img wd-hidden\"                            \/><div class=\"captcha_refresh\" id=\"_element_refresh7\" ><\/div><input type=\"text\"                              class=\"captcha_input\"                              id=\"wd_captcha_input7\"                              name=\"captcha_input\"                              style=\"width: 80px;\"                               \/><\/div><\/div><\/div><\/div><div class=\"wdform_column\"><div wdid=\"1\" class=\"wdform_row\"><div type=\"type_submit_reset\" class=\"wdform-field wd-width-100 wd-flex wd-flex-column fm-type_submit_reset\" ><div class=\"wdform-element-section wd-flex  wd-flex-row wd-justify-content-left wd-width-100\" ><button  type=\"button\" class=\"button-submit\" onclick=\"fm_submit_form('7');\"  data-ajax=\"0\"><span class=\"fm-submit-loading spinner fm-ico-spinner\"><\/span>Anfrage absenden<\/button><button  type=\"button\" class=\"button-reset wd-hidden\" onclick=\"fm_reset_form(7);\" >Reset<\/button><\/div><\/div><\/div><\/div><\/div><div valign=\"top\" class=\"wdform_footer wd-width-100\"><div class=\"wd-width-100\"><div class=\"wd-width-100 wd-table\" style=\"padding-top:10px;\"><div class=\"wd-table-group\"><div id=\"7page_nav1\" class=\"wd-table-row\"><\/div><\/div><\/div><\/div><\/div><\/div><\/div><div class=\"wdform_preload\"><\/div><input type=\"hidden\" name=\"fm-current-page\" value=\"https:\/\/forner-unterschneidheim.de\/index.php?rest_route=%2Fwp%2Fv2%2Fpages%2F256\" \/><\/form><\/div>\n","protected":false},"excerpt":{"rendered":"<p>Wollen Sie einen Termin f\u00fcr einen Service oder eine Reparatur vereinbaren? Schreiben Sie uns ganz bequem um einen Termin mit uns abzustimmen.<\/p>\n","protected":false},"author":1,"featured_media":0,"parent":0,"menu_order":0,"comment_status":"closed","ping_status":"closed","template":"","meta":{"footnotes":""},"class_list":["post-256","page","type-page","status-publish","hentry"],"_links":{"self":[{"href":"https:\/\/forner-unterschneidheim.de\/index.php?rest_route=\/wp\/v2\/pages\/256","targetHints":{"allow":["GET"]}}],"collection":[{"href":"https:\/\/forner-unterschneidheim.de\/index.php?rest_route=\/wp\/v2\/pages"}],"about":[{"href":"https:\/\/forner-unterschneidheim.de\/index.php?rest_route=\/wp\/v2\/types\/page"}],"author":[{"embeddable":true,"href":"https:\/\/forner-unterschneidheim.de\/index.php?rest_route=\/wp\/v2\/users\/1"}],"replies":[{"embeddable":true,"href":"https:\/\/forner-unterschneidheim.de\/index.php?rest_route=%2Fwp%2Fv2%2Fcomments&post=256"}],"version-history":[{"count":2,"href":"https:\/\/forner-unterschneidheim.de\/index.php?rest_route=\/wp\/v2\/pages\/256\/revisions"}],"predecessor-version":[{"id":258,"href":"https:\/\/forner-unterschneidheim.de\/index.php?rest_route=\/wp\/v2\/pages\/256\/revisions\/258"}],"wp:attachment":[{"href":"https:\/\/forner-unterschneidheim.de\/index.php?rest_route=%2Fwp%2Fv2%2Fmedia&parent=256"}],"curies":[{"name":"wp","href":"https:\/\/api.w.org\/{rel}","templated":true}]}}